{"id":3001,"date":"2025-12-25T10:30:00","date_gmt":"2025-12-25T10:30:00","guid":{"rendered":"https:\/\/criadoresdecanichetoy.com\/?page_id=3001"},"modified":"2026-04-08T22:50:34","modified_gmt":"2026-04-08T22:50:34","slug":"inicio","status":"publish","type":"page","link":"https:\/\/criadoresdecanichetoy.com\/","title":{"rendered":"Cachorros Caniche Toy Madrid"},"content":{"rendered":"\t\t<div data-elementor-type=\"wp-page\" data-elementor-id=\"3001\" class=\"elementor elementor-3001\" data-elementor-post-type=\"page\">\n\t\t\t\t<div class=\"elementor-element elementor-element-71fd56f e-con-full e-flex e-con e-parent\" data-id=\"71fd56f\" data-element_type=\"container\" data-e-type=\"container\">\n\t\t\t\t<div class=\"elementor-element elementor-element-26edbb2 elementor-widget-mobile__width-inherit elementor-widget elementor-widget-html\" data-id=\"26edbb2\" data-element_type=\"widget\" data-e-type=\"widget\" data-widget_type=\"html.default\">\n\t\t\t\t\t<video autoplay muted loop playsinline style=\"width:100%;height:100%;object-fit:cover;\">\n  <source src=\"https:\/\/criadoresdecanichetoy.com\/wp-content\/uploads\/2026\/04\/video-cachorros-canichetoy.mp4\" type=\"video\/mp4\">\n<\/video>\t\t\t\t<\/div>\n\t\t\t\t<\/div>\n\t\t<div class=\"elementor-element elementor-element-undefined-11eb076 e-flex e-con-boxed e-con e-parent\" data-id=\"undefined-11eb076\" data-element_type=\"container\" data-e-type=\"container\">\n\t\t\t\t\t<div class=\"e-con-inner\">\n\t\t<div class=\"elementor-element elementor-element-undefined-3063e16 e-con-full e-flex e-con e-child\" data-id=\"undefined-3063e16\" data-element_type=\"container\" data-e-type=\"container\" data-settings=\"{&quot;background_background&quot;:&quot;classic&quot;}\">\n\t\t\t\t<div class=\"elementor-element elementor-element-3505db3 elementor-widget elementor-widget-image\" data-id=\"3505db3\" data-element_type=\"widget\" data-e-type=\"widget\" data-widget_type=\"image.default\">\n\t\t\t\t\t\t\t\t\t\t\t\t\t\t\t<img fetchpriority=\"high\" decoding=\"async\" width=\"768\" height=\"1024\" src=\"https:\/\/criadoresdecanichetoy.com\/wp-content\/uploads\/2025\/12\/WhatsApp-Image-2025-12-26-at-20.36.25-768x1024.jpeg\" class=\"attachment-large size-large wp-image-986975\" alt=\"\" srcset=\"https:\/\/criadoresdecanichetoy.com\/wp-content\/uploads\/2025\/12\/WhatsApp-Image-2025-12-26-at-20.36.25-768x1024.jpeg 768w, https:\/\/criadoresdecanichetoy.com\/wp-content\/uploads\/2025\/12\/WhatsApp-Image-2025-12-26-at-20.36.25-225x300.jpeg 225w, https:\/\/criadoresdecanichetoy.com\/wp-content\/uploads\/2025\/12\/WhatsApp-Image-2025-12-26-at-20.36.25-1152x1536.jpeg 1152w, https:\/\/criadoresdecanichetoy.com\/wp-content\/uploads\/2025\/12\/WhatsApp-Image-2025-12-26-at-20.36.25.jpeg 1200w\" sizes=\"(max-width: 768px) 100vw, 768px\" \/>\t\t\t\t\t\t\t\t\t\t\t\t\t\t\t<\/div>\n\t\t\t\t<\/div>\n\t\t<div class=\"elementor-element elementor-element-undefined-494440d e-con-full e-flex e-con e-child\" data-id=\"undefined-494440d\" data-element_type=\"container\" data-e-type=\"container\" data-settings=\"{&quot;background_background&quot;:&quot;classic&quot;}\">\n\t\t\t\t<div class=\"elementor-element elementor-element-undefined-5aec284 elementor-widget elementor-widget-heading\" data-id=\"undefined-5aec284\" data-element_type=\"widget\" data-e-type=\"widget\" data-widget_type=\"heading.default\">\n\t\t\t\t\t<h5 class=\"elementor-heading-title elementor-size-default\">El amor en cada lamido<\/h5>\t\t\t\t<\/div>\n\t\t\t\t<div class=\"elementor-element elementor-element-undefined-1b88321 elementor-widget elementor-widget-heading\" data-id=\"undefined-1b88321\" data-element_type=\"widget\" data-e-type=\"widget\" data-widget_type=\"heading.default\">\n\t\t\t\t\t<h2 class=\"elementor-heading-title elementor-size-default\">Descubre la felicidad que traen nuestros cachorros<\/h2>\t\t\t\t<\/div>\n\t\t\t\t<div class=\"elementor-element elementor-element-undefined-6ecca25 elementor-widget elementor-widget-text-editor\" data-id=\"undefined-6ecca25\" data-element_type=\"widget\" data-e-type=\"widget\" data-widget_type=\"text-editor.default\">\n\t\t\t\t\t\t\t\t\t<p>Estos adorables cachorros est\u00e1n listos para encontrar un hogar en Madrid. Son juguetones, cari\u00f1osos y llenos de energ\u00eda. Ven a conocerlos y deja que llenen tu vida de alegr\u00eda.<\/p><p>Preguntar por Chus<\/p>\t\t\t\t\t\t\t\t<\/div>\n\t\t\t\t<div class=\"elementor-element elementor-element-undefined-096c88f elementor-widget__width-auto elementor-align-center elementor-widget elementor-widget-button\" data-id=\"undefined-096c88f\" data-element_type=\"widget\" data-e-type=\"widget\" data-widget_type=\"button.default\">\n\t\t\t\t\t\t\t\t\t\t<a class=\"elementor-button elementor-button-link elementor-size-sm\" href=\"https:\/\/wa.me\/34669401690\">\n\t\t\t\t\t\t<span class=\"elementor-button-content-wrapper\">\n\t\t\t\t\t\t<span class=\"elementor-button-icon\">\n\t\t\t\t<svg aria-hidden=\"true\" class=\"e-font-icon-svg e-fab-whatsapp\" viewBox=\"0 0 448 512\" xmlns=\"http:\/\/www.w3.org\/2000\/svg\"><path d=\"M380.9 97.1C339 55.1 283.2 32 223.9 32c-122.4 0-222 99.6-222 222 0 39.1 10.2 77.3 29.6 111L0 480l117.7-30.9c32.4 17.7 68.9 27 106.1 27h.1c122.3 0 224.1-99.6 224.1-222 0-59.3-25.2-115-67.1-157zm-157 341.6c-33.2 0-65.7-8.9-94-25.7l-6.7-4-69.8 18.3L72 359.2l-4.4-7c-18.5-29.4-28.2-63.3-28.2-98.2 0-101.7 82.8-184.5 184.6-184.5 49.3 0 95.6 19.2 130.4 54.1 34.8 34.9 56.2 81.2 56.1 130.5 0 101.8-84.9 184.6-186.6 184.6zm101.2-138.2c-5.5-2.8-32.8-16.2-37.9-18-5.1-1.9-8.8-2.8-12.5 2.8-3.7 5.6-14.3 18-17.6 21.8-3.2 3.7-6.5 4.2-12 1.4-32.6-16.3-54-29.1-75.5-66-5.7-9.8 5.7-9.1 16.3-30.3 1.8-3.7.9-6.9-.5-9.7-1.4-2.8-12.5-30.1-17.1-41.2-4.5-10.8-9.1-9.3-12.5-9.5-3.2-.2-6.9-.2-10.6-.2-3.7 0-9.7 1.4-14.8 6.9-5.1 5.6-19.4 19-19.4 46.3 0 27.3 19.9 53.7 22.6 57.4 2.8 3.7 39.1 59.7 94.8 83.8 35.2 15.2 49 16.5 66.6 13.9 10.7-1.6 32.8-13.4 37.4-26.4 4.6-13 4.6-24.1 3.2-26.4-1.3-2.5-5-3.9-10.5-6.6z\"><\/path><\/svg>\t\t\t<\/span>\n\t\t\t\t\t\t\t\t\t<span class=\"elementor-button-text\">Consigue uno<\/span>\n\t\t\t\t\t<\/span>\n\t\t\t\t\t<\/a>\n\t\t\t\t\t\t\t\t<\/div>\n\t\t\t\t<\/div>\n\t\t\t\t\t<\/div>\n\t\t\t\t<\/div>\n\t\t\t\t<\/div>\n\t\t","protected":false},"excerpt":{"rendered":"<p>El amor en cada lamido Descubre la felicidad que traen nuestros cachorros Estos adorables cachorros est\u00e1n listos para encontrar un [&hellip;]<\/p>\n","protected":false},"author":1,"featured_media":0,"parent":0,"menu_order":0,"comment_status":"closed","ping_status":"closed","template":"elementor_header_footer","meta":{"site-sidebar-layout":"default","site-content-layout":"","ast-site-content-layout":"default","site-content-style":"default","site-sidebar-style":"default","ast-global-header-display":"","ast-banner-title-visibility":"","ast-main-header-display":"","ast-hfb-above-header-display":"","ast-hfb-below-header-display":"","ast-hfb-mobile-header-display":"","site-post-title":"disabled","ast-breadcrumbs-content":"","ast-featured-img":"","footer-sml-layout":"","ast-disable-related-posts":"","theme-transparent-header-meta":"","adv-header-id-meta":"","stick-header-meta":"","header-above-stick-meta":"","header-main-stick-meta":"","header-below-stick-meta":"","astra-migrate-meta-layouts":"default","ast-page-background-enabled":"default","ast-page-background-meta":{"desktop":{"background-color":"var(--ast-global-color-5)","background-image":"","background-repeat":"repeat","background-position":"center center","background-size":"auto","background-attachment":"scroll","background-type":"","background-media":"","overlay-type":"","overlay-color":"","overlay-opacity":"","overlay-gradient":""},"tablet":{"background-color":"","background-image":"","background-repeat":"repeat","background-position":"center center","background-size":"auto","background-attachment":"scroll","background-type":"","background-media":"","overlay-type":"","overlay-color":"","overlay-opacity":"","overlay-gradient":""},"mobile":{"background-color":"","background-image":"","background-repeat":"repeat","background-position":"center center","background-size":"auto","background-attachment":"scroll","background-type":"","background-media":"","overlay-type":"","overlay-color":"","overlay-opacity":"","overlay-gradient":""}},"ast-content-background-meta":{"desktop":{"background-color":"var(--ast-global-color-4)","background-image":"","background-repeat":"repeat","background-position":"center center","background-size":"auto","background-attachment":"scroll","background-type":"","background-media":"","overlay-type":"","overlay-color":"","overlay-opacity":"","overlay-gradient":""},"tablet":{"background-color":"var(--ast-global-color-4)","background-image":"","background-repeat":"repeat","background-position":"center center","background-size":"auto","background-attachment":"scroll","background-type":"","background-media":"","overlay-type":"","overlay-color":"","overlay-opacity":"","overlay-gradient":""},"mobile":{"background-color":"var(--ast-global-color-4)","background-image":"","background-repeat":"repeat","background-position":"center center","background-size":"auto","background-attachment":"scroll","background-type":"","background-media":"","overlay-type":"","overlay-color":"","overlay-opacity":"","overlay-gradient":""}},"footnotes":""},"class_list":["post-3001","page","type-page","status-publish","hentry"],"yoast_head":"<!-- This site is optimized with the Yoast SEO plugin v27.3 - https:\/\/yoast.com\/product\/yoast-seo-wordpress\/ -->\n<title>Cachorros Caniche Toy Madrid - Criadores de Caniche Toy Madrid<\/title>\n<meta name=\"robots\" content=\"index, follow, max-snippet:-1, max-image-preview:large, max-video-preview:-1\" \/>\n<link rel=\"canonical\" href=\"https:\/\/criadoresdecanichetoy.com\/\" \/>\n<meta property=\"og:locale\" content=\"en_US\" \/>\n<meta property=\"og:type\" content=\"article\" \/>\n<meta property=\"og:title\" content=\"Cachorros Caniche Toy Madrid - Criadores de Caniche Toy Madrid\" \/>\n<meta property=\"og:description\" content=\"El amor en cada lamido Descubre la felicidad que traen nuestros cachorros Estos adorables cachorros est\u00e1n listos para encontrar un [&hellip;]\" \/>\n<meta property=\"og:url\" content=\"https:\/\/criadoresdecanichetoy.com\/\" \/>\n<meta property=\"og:site_name\" content=\"Criadores de Caniche Toy Madrid\" \/>\n<meta property=\"article:modified_time\" content=\"2026-04-08T22:50:34+00:00\" \/>\n<meta property=\"og:image\" content=\"https:\/\/criadoresdecanichetoy.com\/wp-content\/uploads\/2025\/12\/WhatsApp-Image-2025-12-26-at-20.36.25.jpeg\" \/>\n\t<meta property=\"og:image:width\" content=\"1200\" \/>\n\t<meta property=\"og:image:height\" content=\"1600\" \/>\n\t<meta property=\"og:image:type\" content=\"image\/jpeg\" \/>\n<meta name=\"twitter:card\" content=\"summary_large_image\" \/>\n<meta name=\"twitter:label1\" content=\"Est. reading time\" \/>\n\t<meta name=\"twitter:data1\" content=\"1 minute\" \/>\n<script type=\"application\/ld+json\" class=\"yoast-schema-graph\">{\"@context\":\"https:\\\/\\\/schema.org\",\"@graph\":[{\"@type\":\"WebPage\",\"@id\":\"https:\\\/\\\/criadoresdecanichetoy.com\\\/\",\"url\":\"https:\\\/\\\/criadoresdecanichetoy.com\\\/\",\"name\":\"Cachorros Caniche Toy Madrid - Criadores de Caniche Toy Madrid\",\"isPartOf\":{\"@id\":\"https:\\\/\\\/criadoresdecanichetoy.com\\\/#website\"},\"primaryImageOfPage\":{\"@id\":\"https:\\\/\\\/criadoresdecanichetoy.com\\\/#primaryimage\"},\"image\":{\"@id\":\"https:\\\/\\\/criadoresdecanichetoy.com\\\/#primaryimage\"},\"thumbnailUrl\":\"https:\\\/\\\/criadoresdecanichetoy.com\\\/wp-content\\\/uploads\\\/2025\\\/12\\\/WhatsApp-Image-2025-12-26-at-20.36.25-768x1024.jpeg\",\"datePublished\":\"2025-12-25T10:30:00+00:00\",\"dateModified\":\"2026-04-08T22:50:34+00:00\",\"breadcrumb\":{\"@id\":\"https:\\\/\\\/criadoresdecanichetoy.com\\\/#breadcrumb\"},\"inLanguage\":\"en-US\",\"potentialAction\":[{\"@type\":\"ReadAction\",\"target\":[\"https:\\\/\\\/criadoresdecanichetoy.com\\\/\"]}]},{\"@type\":\"ImageObject\",\"inLanguage\":\"en-US\",\"@id\":\"https:\\\/\\\/criadoresdecanichetoy.com\\\/#primaryimage\",\"url\":\"https:\\\/\\\/criadoresdecanichetoy.com\\\/wp-content\\\/uploads\\\/2025\\\/12\\\/WhatsApp-Image-2025-12-26-at-20.36.25.jpeg\",\"contentUrl\":\"https:\\\/\\\/criadoresdecanichetoy.com\\\/wp-content\\\/uploads\\\/2025\\\/12\\\/WhatsApp-Image-2025-12-26-at-20.36.25.jpeg\",\"width\":1200,\"height\":1600},{\"@type\":\"BreadcrumbList\",\"@id\":\"https:\\\/\\\/criadoresdecanichetoy.com\\\/#breadcrumb\",\"itemListElement\":[{\"@type\":\"ListItem\",\"position\":1,\"name\":\"Home\",\"item\":\"https:\\\/\\\/criadoresdecanichetoy.com\\\/\"},{\"@type\":\"ListItem\",\"position\":2,\"name\":\"Cachorros Caniche Toy Madrid\"}]},{\"@type\":\"WebSite\",\"@id\":\"https:\\\/\\\/criadoresdecanichetoy.com\\\/#website\",\"url\":\"https:\\\/\\\/criadoresdecanichetoy.com\\\/\",\"name\":\"Criadores de Caniche Toy Madrid\",\"description\":\"\",\"potentialAction\":[{\"@type\":\"SearchAction\",\"target\":{\"@type\":\"EntryPoint\",\"urlTemplate\":\"https:\\\/\\\/criadoresdecanichetoy.com\\\/?s={search_term_string}\"},\"query-input\":{\"@type\":\"PropertyValueSpecification\",\"valueRequired\":true,\"valueName\":\"search_term_string\"}}],\"inLanguage\":\"en-US\"}]}<\/script>\n<!-- \/ Yoast SEO plugin. -->","yoast_head_json":{"title":"Cachorros Caniche Toy Madrid - Criadores de Caniche Toy Madrid","robots":{"index":"index","follow":"follow","max-snippet":"max-snippet:-1","max-image-preview":"max-image-preview:large","max-video-preview":"max-video-preview:-1"},"canonical":"https:\/\/criadoresdecanichetoy.com\/","og_locale":"en_US","og_type":"article","og_title":"Cachorros Caniche Toy Madrid - Criadores de Caniche Toy Madrid","og_description":"El amor en cada lamido Descubre la felicidad que traen nuestros cachorros Estos adorables cachorros est\u00e1n listos para encontrar un [&hellip;]","og_url":"https:\/\/criadoresdecanichetoy.com\/","og_site_name":"Criadores de Caniche Toy Madrid","article_modified_time":"2026-04-08T22:50:34+00:00","og_image":[{"width":1200,"height":1600,"url":"https:\/\/criadoresdecanichetoy.com\/wp-content\/uploads\/2025\/12\/WhatsApp-Image-2025-12-26-at-20.36.25.jpeg","type":"image\/jpeg"}],"twitter_card":"summary_large_image","twitter_misc":{"Est. reading time":"1 minute"},"schema":{"@context":"https:\/\/schema.org","@graph":[{"@type":"WebPage","@id":"https:\/\/criadoresdecanichetoy.com\/","url":"https:\/\/criadoresdecanichetoy.com\/","name":"Cachorros Caniche Toy Madrid - Criadores de Caniche Toy Madrid","isPartOf":{"@id":"https:\/\/criadoresdecanichetoy.com\/#website"},"primaryImageOfPage":{"@id":"https:\/\/criadoresdecanichetoy.com\/#primaryimage"},"image":{"@id":"https:\/\/criadoresdecanichetoy.com\/#primaryimage"},"thumbnailUrl":"https:\/\/criadoresdecanichetoy.com\/wp-content\/uploads\/2025\/12\/WhatsApp-Image-2025-12-26-at-20.36.25-768x1024.jpeg","datePublished":"2025-12-25T10:30:00+00:00","dateModified":"2026-04-08T22:50:34+00:00","breadcrumb":{"@id":"https:\/\/criadoresdecanichetoy.com\/#breadcrumb"},"inLanguage":"en-US","potentialAction":[{"@type":"ReadAction","target":["https:\/\/criadoresdecanichetoy.com\/"]}]},{"@type":"ImageObject","inLanguage":"en-US","@id":"https:\/\/criadoresdecanichetoy.com\/#primaryimage","url":"https:\/\/criadoresdecanichetoy.com\/wp-content\/uploads\/2025\/12\/WhatsApp-Image-2025-12-26-at-20.36.25.jpeg","contentUrl":"https:\/\/criadoresdecanichetoy.com\/wp-content\/uploads\/2025\/12\/WhatsApp-Image-2025-12-26-at-20.36.25.jpeg","width":1200,"height":1600},{"@type":"BreadcrumbList","@id":"https:\/\/criadoresdecanichetoy.com\/#breadcrumb","itemListElement":[{"@type":"ListItem","position":1,"name":"Home","item":"https:\/\/criadoresdecanichetoy.com\/"},{"@type":"ListItem","position":2,"name":"Cachorros Caniche Toy Madrid"}]},{"@type":"WebSite","@id":"https:\/\/criadoresdecanichetoy.com\/#website","url":"https:\/\/criadoresdecanichetoy.com\/","name":"Criadores de Caniche Toy Madrid","description":"","potentialAction":[{"@type":"SearchAction","target":{"@type":"EntryPoint","urlTemplate":"https:\/\/criadoresdecanichetoy.com\/?s={search_term_string}"},"query-input":{"@type":"PropertyValueSpecification","valueRequired":true,"valueName":"search_term_string"}}],"inLanguage":"en-US"}]}},"_links":{"self":[{"href":"https:\/\/criadoresdecanichetoy.com\/index.php?rest_route=\/wp\/v2\/pages\/3001","targetHints":{"allow":["GET"]}}],"collection":[{"href":"https:\/\/criadoresdecanichetoy.com\/index.php?rest_route=\/wp\/v2\/pages"}],"about":[{"href":"https:\/\/criadoresdecanichetoy.com\/index.php?rest_route=\/wp\/v2\/types\/page"}],"author":[{"embeddable":true,"href":"https:\/\/criadoresdecanichetoy.com\/index.php?rest_route=\/wp\/v2\/users\/1"}],"replies":[{"embeddable":true,"href":"https:\/\/criadoresdecanichetoy.com\/index.php?rest_route=%2Fwp%2Fv2%2Fcomments&post=3001"}],"version-history":[{"count":48,"href":"https:\/\/criadoresdecanichetoy.com\/index.php?rest_route=\/wp\/v2\/pages\/3001\/revisions"}],"predecessor-version":[{"id":987055,"href":"https:\/\/criadoresdecanichetoy.com\/index.php?rest_route=\/wp\/v2\/pages\/3001\/revisions\/987055"}],"wp:attachment":[{"href":"https:\/\/criadoresdecanichetoy.com\/index.php?rest_route=%2Fwp%2Fv2%2Fmedia&parent=3001"}],"curies":[{"name":"wp","href":"https:\/\/api.w.org\/{rel}","templated":true}]}}